{"id":10046,"date":"2022-10-05T12:47:16","date_gmt":"2022-10-05T17:47:16","guid":{"rendered":"https:\/\/www.dallassymphony.org\/?page_id=10046"},"modified":"2022-11-30T12:19:18","modified_gmt":"2022-11-30T18:19:18","slug":"corporatecampaign2022","status":"publish","type":"page","link":"https:\/\/www.dallassymphony.org\/es\/support-volunteer\/special-events\/c-suite-christmas\/corporatecampaign2022\/","title":{"rendered":"Campa\u00f1a corporativa 2022"},"content":{"rendered":"<div class=\"hero__no-img bg-blue-8\">\n\t<div class=\"container\">\n\t\t<div class=\"row\">\n\t\t\t<div class=\"col-md-10\">\n\n\t\t\t\t<ul class=\"breadcrumbs\">\n    \t<li class=\"breadcrumb__link\">\n\t\t<a class=\"a-hover\" href=\"https:\/\/www.dallassymphony.org\/es\/\">Inicio<\/a>\n\t<\/li>\n    \t<li class=\"breadcrumb__link a-styles\">\n\t\t<a class=\"a-hover\" href=\"https:\/\/www.dallassymphony.org\/es\/support-volunteer\/\">Apoyo y voluntariado\/participaci\u00f3n<\/a>\n\t<\/li>\n    \t<li class=\"breadcrumb__link a-styles\">\n\t\t<a class=\"a-hover\" href=\"https:\/\/www.dallassymphony.org\/es\/support-volunteer\/special-events\/\">Gala y eventos especiales<\/a>\n\t<\/li>\n    \t<li class=\"breadcrumb__link a-styles\">\n\t\t<a class=\"a-hover\" href=\"https:\/\/www.dallassymphony.org\/es\/support-volunteer\/special-events\/c-suite-christmas\/\">C-Suite Christmas<\/a>\n\t<\/li>\n    <\/ul>\n\n                \t\t\t\t<h1>\n                    <span >Campa\u00f1a corporativa 2022<\/span>\n                <\/h1>\n                \t\t\t<\/div>\n\t\t<\/div>\n\t<\/div>\n<\/div>\n\n\n<div class=\"text-img text-img--left\">\n\t<div class=\"container\">\n\t\t<div class=\"row\">\n\t\t\t<div class=\"col-lg-12\">\n\t\t\t\t<div class=\"text-img__wrapper\">\n\t\t\t\t\t<h1>Instrumentos para el cambio<\/h1>\n\n                    <img loading=\"lazy\" decoding=\"async\" width=\"666\" height=\"375\" src=\"https:\/\/www.dallassymphony.org\/wp-content\/uploads\/2022\/10\/c-suite-15-666x375.jpg\" class=\"d-xl-none d-block\" alt=\"\" srcset=\"https:\/\/www.dallassymphony.org\/wp-content\/uploads\/2022\/10\/c-suite-15-666x375.jpg 666w, https:\/\/www.dallassymphony.org\/wp-content\/uploads\/2022\/10\/c-suite-15-388x218.jpg 388w, https:\/\/www.dallassymphony.org\/wp-content\/uploads\/2022\/10\/c-suite-15-540x303.jpg 540w, https:\/\/www.dallassymphony.org\/wp-content\/uploads\/2022\/10\/c-suite-15-735x413.jpg 735w, https:\/\/www.dallassymphony.org\/wp-content\/uploads\/2022\/10\/c-suite-15-768x432.jpg 768w, https:\/\/www.dallassymphony.org\/wp-content\/uploads\/2022\/10\/c-suite-15-1600x900.jpg 1600w\" sizes=\"auto, (max-width: 666px) 100vw, 666px\" \/>\n\t\t\t\t\t<p>En estas fiestas, la Sinf\u00f3nica de Dallas invita a la comunidad empresarial del norte de Texas a unirse para patrocinar a 200 estudiantes con acceso a instrumentos y clases de m\u00fasica gratuitas que les cambiar\u00e1n la vida.<\/p>\n\n                    \n                <\/div>\n                <img loading=\"lazy\" decoding=\"async\" width=\"1600\" height=\"900\" src=\"https:\/\/www.dallassymphony.org\/wp-content\/uploads\/2022\/10\/c-suite-15-1600x900.jpg\" class=\"d-none d-xl-block\" alt=\"\" srcset=\"https:\/\/www.dallassymphony.org\/wp-content\/uploads\/2022\/10\/c-suite-15-1600x900.jpg 1600w, https:\/\/www.dallassymphony.org\/wp-content\/uploads\/2022\/10\/c-suite-15-388x218.jpg 388w, https:\/\/www.dallassymphony.org\/wp-content\/uploads\/2022\/10\/c-suite-15-540x303.jpg 540w, https:\/\/www.dallassymphony.org\/wp-content\/uploads\/2022\/10\/c-suite-15-666x375.jpg 666w, https:\/\/www.dallassymphony.org\/wp-content\/uploads\/2022\/10\/c-suite-15-735x413.jpg 735w, https:\/\/www.dallassymphony.org\/wp-content\/uploads\/2022\/10\/c-suite-15-768x432.jpg 768w\" sizes=\"auto, (max-width: 1600px) 100vw, 1600px\" \/>\t\t\t<\/div>\n\t\t<\/div>\n\t<\/div>\n<\/div>\n\n\n<div class=\"video m-spacer fixed-width\">\n    <div class=\"container\">\n        <div class=\"row\">\n            <div class=\"col-lg-12\">\n                <div class=\"video__text-wrapper\">\n                    <h2>100 empresas que aporten $2.000 cada una antes del 31 de diciembre de 2022 cambiar\u00e1n la vida de 200 estudiantes. Juntos pueden marcar la diferencia.<\/h2>\n                                    <\/div>\n            <\/div>\n        <\/div>\n    <\/div>\n\n\n    <div class=\"container\">\n        <div class=\"row\">\n            <div class=\"col-lg-12\">\n                <div class=\"iframe-container\">\n                    <div class=\"video-overlay\">\n                        <button class=\"play-video\" data-trigger=\"video-7cf53b6bb123ccc027897303021a08e0\">\n                            <svg xmlns=\"http:\/\/www.w3.org\/2000\/svg\" viewbox=\"0 0 23.967 23.967\">\n                                <defs>\n                                    <style>\n                                        .a {\n                                            fill: none;\n                                        }\n                                        .b {\n                                            fill: #10bff1;\n                                        }\n                                    <\/style>\n                                <\/defs>\n                                <path class=\"a\" d=\"M0,0H23.967V23.967H0Z\"\/>\n                                <path class=\"b\" d=\"M9.987,16.476l5.99-4.493L9.987,7.491ZM11.983,2a9.983,9.983,0,1,0,9.983,9.983A9.987,9.987,0,0,0,11.983,2Zm0,17.97a7.987,7.987,0,1,1,7.987-7.987A8,8,0,0,1,11.983,19.97Z\"\/>\n\n                                <g class=\"test-me\">\n                                    <path class=\"a\" d=\"M0,0H23.967V23.967H0Z\"\/>\n                                    <path class=\"b\" d=\"M9.987,16.476l5.99-4.493L9.987,7.491ZM11.983,2a9.983,9.983,0,1,0,9.983,9.983A9.987,9.987,0,0,0,11.983,2Zm0,17.97a7.987,7.987,0,1,1,7.987-7.987A8,8,0,0,1,11.983,19.97Z\"\/>\n                                <\/g>\n                            <\/svg>\n                        <\/button>\n\n                    <\/div>\n\n                    <iframe mozallowfullscreen webkitallowfullscreen allowfullscreen class=\"responsive-iframe\" data-target=\"video-7cf53b6bb123ccc027897303021a08e0\" src=\"https:\/\/player.vimeo.com\/video\/762030886?mute=1&#038;loop=1\"><\/iframe>\n                <\/div>\n            <\/div>\n        <\/div>\n    <\/div>\n\n    <div class=\"container\">\n        <div class=\"row\">\n            <div class=\"col-lg-12 d-flex flex-column justify-content-end\">\n                <div class=\"d-flex justify-content-end video-optional-link\">\n                    <a class=\"ml-auto\" href=\"https:\/\/www.dallassymphony.org\/es\/discover-connect\/dso-media-vault\/view\/\">\n                        <span class=\"a-styles a-hover\">NAVEGAR TODOS LOS VIDEOS<\/span>\n                    <\/a>\n                <\/div>\n                            <\/div>\n        <\/div>\n    <\/div>\n\n    <div class=\"left-grad\"><\/div>\n    <div class=\"right-grad\"><\/div>\n<\/div>\n\n\n<div class=\"richtext m-spacer\">\n\t<div class=\"container\">\n\t\t<div class=\"row\">\n\t\t\t<div class=\"col-10\">\n\t\t\t\t\n\n<p class=\"has-text-align-left\">$2,000 proporciona un a\u00f1o de clases gratuitas de instrumento a estudiantes del sur de Dallas a trav\u00e9s del programa de J\u00f3venes M\u00fasicos de la DSO. Cada estudiante del programa recibir\u00e1 m\u00e1s de 300 horas de clases de m\u00fasica durante el a\u00f1o.<\/p>\n\n\n\n<div class=\"wp-block-buttons is-layout-flex wp-block-buttons-is-layout-flex\">\n<div class=\"wp-block-button\"><a class=\"wp-block-button__link has-background\" href=\"https:\/\/igfn.us\/form\/wL3sWA\" style=\"border-radius:5px;background-color:#00205b\" target=\"_blank\" rel=\"noreferrer noopener\"><strong>DONAR AHORA<\/strong><\/a><\/div>\n<\/div>\n\n\n\n<div style=\"height:10px\" aria-hidden=\"true\" class=\"wp-block-spacer\"><\/div>\n\n\n\n<p><a href=\"https:\/\/www.dallassymphony.org\/es\/productions\/c-suite-christmas-2022\/\">En agradecimiento a su apoyo, su empresa recibir\u00e1 entradas para asistir a la celebraci\u00f3n navide\u00f1a corporativa de la DSO, C-Suite Christmas, el 7 de diciembre de 2022.<\/a><\/p>\n\n\n<div class=\"wp-block-image\">\n<figure class=\"aligncenter size-full\"><img loading=\"lazy\" decoding=\"async\" width=\"700\" height=\"500\" src=\"https:\/\/www.dallassymphony.org\/wp-content\/uploads\/2022\/11\/100-Corporations.png\" alt=\"\" class=\"wp-image-10306\" srcset=\"https:\/\/www.dallassymphony.org\/wp-content\/uploads\/2022\/11\/100-Corporations.png 700w, https:\/\/www.dallassymphony.org\/wp-content\/uploads\/2022\/11\/100-Corporations-300x214.png 300w, https:\/\/www.dallassymphony.org\/wp-content\/uploads\/2022\/11\/100-Corporations-18x12.png 18w\" sizes=\"auto, (max-width: 700px) 100vw, 700px\" \/><\/figure>\n<\/div>\n\n\t\t\t<\/div>\n\t\t<\/div>\n\t<\/div>\n\n<\/div>\n\n\n<div class=\"image-gallery grad-to-left m-spacer\">\n    <div class=\"container\">\n        <div class=\"row\">\n            <div class=\"col-md-10\">\n                <h1><\/h1>\n                <span class=\"mm__intro-copy\"><\/span>\n            <\/div>\n            <div class=\"col-md-2 d-none d-lg-block col-4\">\n                <div class=\"slideshow__controls\">\n                    <button class=\"controls__prev\" data-prev=\"#imageGallery-f64a5a650cc45fb3e9bf0a6f8f27611e\">\n                        <svg xmlns=\"http:\/\/www.w3.org\/2000\/svg\" enable-background=\"new 0 0 24 24\" height=\"24\" viewbox=\"0 0 24 24\" width=\"24\">\n                            <g><rect fill=\"none\" height=\"24\" width=\"24\"\/><path d=\"M12,4c4.41,0,8,3.59,8,8s-3.59,8-8,8s-8-3.59-8-8S7.59,4,12,4 M12,2C6.48,2,2,6.48,2,12c0,5.52,4.48,10,10,10 c5.52,0,10-4.48,10-10C22,6.48,17.52,2,12,2L12,2z M13,12l0-4h-2l0,4H8l4,4l4-4H13z\"\/><\/g>\n                        <\/svg>\n                    <\/button>\n                    <button class=\"controls__next\" data-next=\"#imageGallery-f64a5a650cc45fb3e9bf0a6f8f27611e\">\n                        <svg xmlns=\"http:\/\/www.w3.org\/2000\/svg\" enable-background=\"new 0 0 24 24\" height=\"24\" viewbox=\"0 0 24 24\" width=\"24\">\n                            <g><rect fill=\"none\" height=\"24\" width=\"24\"\/><path d=\"M12,4c4.41,0,8,3.59,8,8s-3.59,8-8,8s-8-3.59-8-8S7.59,4,12,4 M12,2C6.48,2,2,6.48,2,12c0,5.52,4.48,10,10,10 c5.52,0,10-4.48,10-10C22,6.48,17.52,2,12,2L12,2z M13,12l0-4h-2l0,4H8l4,4l4-4H13z\"\/><\/g>\n                        <\/svg>\n                    <\/button>\n                <\/div>\n            <\/div>\n        <\/div>\n        <div class=\"row no-gutters\">\n            <div class=\"col-md-12\">\n                <div class=\"cards__wrapper image-gallery-slideshow\" data-slideshow=\"imageGallery-f64a5a650cc45fb3e9bf0a6f8f27611e\">\n                    <div class=\"multimedia__card\">\n    <div class=\"card__toggle-wrapper\">\n        <img loading=\"lazy\" decoding=\"async\" width=\"768\" height=\"432\" src=\"https:\/\/www.dallassymphony.org\/wp-content\/uploads\/2022\/10\/dso-young-musicians-88-768x432.jpg\" class=\"attachment-768x432 size-768x432\" alt=\"\" srcset=\"https:\/\/www.dallassymphony.org\/wp-content\/uploads\/2022\/10\/dso-young-musicians-88-768x432.jpg 768w, https:\/\/www.dallassymphony.org\/wp-content\/uploads\/2022\/10\/dso-young-musicians-88-388x218.jpg 388w, https:\/\/www.dallassymphony.org\/wp-content\/uploads\/2022\/10\/dso-young-musicians-88-540x303.jpg 540w, https:\/\/www.dallassymphony.org\/wp-content\/uploads\/2022\/10\/dso-young-musicians-88-666x375.jpg 666w, https:\/\/www.dallassymphony.org\/wp-content\/uploads\/2022\/10\/dso-young-musicians-88-735x413.jpg 735w, https:\/\/www.dallassymphony.org\/wp-content\/uploads\/2022\/10\/dso-young-musicians-88-1600x900.jpg 1600w\" sizes=\"auto, (max-width: 768px) 100vw, 768px\" \/>    <\/div>\n\n    <div class=\"card__content-wrapper\">\n        \n        \n            <\/div>\n<\/div>\n<div class=\"multimedia__card\">\n    <div class=\"card__toggle-wrapper\">\n        <img loading=\"lazy\" decoding=\"async\" width=\"768\" height=\"432\" src=\"https:\/\/www.dallassymphony.org\/wp-content\/uploads\/2022\/10\/c-suite-16-768x432.jpg\" class=\"attachment-768x432 size-768x432\" alt=\"\" srcset=\"https:\/\/www.dallassymphony.org\/wp-content\/uploads\/2022\/10\/c-suite-16-768x432.jpg 768w, https:\/\/www.dallassymphony.org\/wp-content\/uploads\/2022\/10\/c-suite-16-388x218.jpg 388w, https:\/\/www.dallassymphony.org\/wp-content\/uploads\/2022\/10\/c-suite-16-540x303.jpg 540w, https:\/\/www.dallassymphony.org\/wp-content\/uploads\/2022\/10\/c-suite-16-666x375.jpg 666w, https:\/\/www.dallassymphony.org\/wp-content\/uploads\/2022\/10\/c-suite-16-735x413.jpg 735w, https:\/\/www.dallassymphony.org\/wp-content\/uploads\/2022\/10\/c-suite-16-1600x900.jpg 1600w\" sizes=\"auto, (max-width: 768px) 100vw, 768px\" \/>    <\/div>\n\n    <div class=\"card__content-wrapper\">\n        \n        \n            <\/div>\n<\/div>\n<div class=\"multimedia__card\">\n    <div class=\"card__toggle-wrapper\">\n        <img loading=\"lazy\" decoding=\"async\" width=\"768\" height=\"432\" src=\"https:\/\/www.dallassymphony.org\/wp-content\/uploads\/2022\/10\/Maya-Vazquez-flute-Guadalupe-Guillen-clarinet-768x432.jpg\" class=\"attachment-768x432 size-768x432\" alt=\"\" srcset=\"https:\/\/www.dallassymphony.org\/wp-content\/uploads\/2022\/10\/Maya-Vazquez-flute-Guadalupe-Guillen-clarinet-768x432.jpg 768w, https:\/\/www.dallassymphony.org\/wp-content\/uploads\/2022\/10\/Maya-Vazquez-flute-Guadalupe-Guillen-clarinet-388x218.jpg 388w, https:\/\/www.dallassymphony.org\/wp-content\/uploads\/2022\/10\/Maya-Vazquez-flute-Guadalupe-Guillen-clarinet-540x303.jpg 540w, https:\/\/www.dallassymphony.org\/wp-content\/uploads\/2022\/10\/Maya-Vazquez-flute-Guadalupe-Guillen-clarinet-666x375.jpg 666w, https:\/\/www.dallassymphony.org\/wp-content\/uploads\/2022\/10\/Maya-Vazquez-flute-Guadalupe-Guillen-clarinet-735x413.jpg 735w, https:\/\/www.dallassymphony.org\/wp-content\/uploads\/2022\/10\/Maya-Vazquez-flute-Guadalupe-Guillen-clarinet-1600x900.jpg 1600w\" sizes=\"auto, (max-width: 768px) 100vw, 768px\" \/>    <\/div>\n\n    <div class=\"card__content-wrapper\">\n        \n        \n            <\/div>\n<\/div>\n<div class=\"multimedia__card\">\n    <div class=\"card__toggle-wrapper\">\n        <img loading=\"lazy\" decoding=\"async\" width=\"768\" height=\"432\" src=\"https:\/\/www.dallassymphony.org\/wp-content\/uploads\/2022\/10\/dso-young-musicians-207-768x432.jpg\" class=\"attachment-768x432 size-768x432\" alt=\"\" srcset=\"https:\/\/www.dallassymphony.org\/wp-content\/uploads\/2022\/10\/dso-young-musicians-207-768x432.jpg 768w, https:\/\/www.dallassymphony.org\/wp-content\/uploads\/2022\/10\/dso-young-musicians-207-388x218.jpg 388w, https:\/\/www.dallassymphony.org\/wp-content\/uploads\/2022\/10\/dso-young-musicians-207-540x303.jpg 540w, https:\/\/www.dallassymphony.org\/wp-content\/uploads\/2022\/10\/dso-young-musicians-207-666x375.jpg 666w, https:\/\/www.dallassymphony.org\/wp-content\/uploads\/2022\/10\/dso-young-musicians-207-735x413.jpg 735w, https:\/\/www.dallassymphony.org\/wp-content\/uploads\/2022\/10\/dso-young-musicians-207-1600x900.jpg 1600w\" sizes=\"auto, (max-width: 768px) 100vw, 768px\" \/>    <\/div>\n\n    <div class=\"card__content-wrapper\">\n        \n        \n            <\/div>\n<\/div>\n<div class=\"multimedia__card\">\n    <div class=\"card__toggle-wrapper\">\n        <img loading=\"lazy\" decoding=\"async\" width=\"768\" height=\"432\" src=\"https:\/\/www.dallassymphony.org\/wp-content\/uploads\/2022\/10\/dso-young-musicians-203-768x432.jpg\" class=\"attachment-768x432 size-768x432\" alt=\"\" srcset=\"https:\/\/www.dallassymphony.org\/wp-content\/uploads\/2022\/10\/dso-young-musicians-203-768x432.jpg 768w, https:\/\/www.dallassymphony.org\/wp-content\/uploads\/2022\/10\/dso-young-musicians-203-388x218.jpg 388w, https:\/\/www.dallassymphony.org\/wp-content\/uploads\/2022\/10\/dso-young-musicians-203-540x303.jpg 540w, https:\/\/www.dallassymphony.org\/wp-content\/uploads\/2022\/10\/dso-young-musicians-203-666x375.jpg 666w, https:\/\/www.dallassymphony.org\/wp-content\/uploads\/2022\/10\/dso-young-musicians-203-735x413.jpg 735w, https:\/\/www.dallassymphony.org\/wp-content\/uploads\/2022\/10\/dso-young-musicians-203-1600x900.jpg 1600w\" sizes=\"auto, (max-width: 768px) 100vw, 768px\" \/>    <\/div>\n\n    <div class=\"card__content-wrapper\">\n        \n        \n            <\/div>\n<\/div>\n<div class=\"multimedia__card\">\n    <div class=\"card__toggle-wrapper\">\n        <img loading=\"lazy\" decoding=\"async\" width=\"768\" height=\"432\" src=\"https:\/\/www.dallassymphony.org\/wp-content\/uploads\/2022\/10\/dso-young-musicians-142-768x432.jpg\" class=\"attachment-768x432 size-768x432\" alt=\"\" srcset=\"https:\/\/www.dallassymphony.org\/wp-content\/uploads\/2022\/10\/dso-young-musicians-142-768x432.jpg 768w, https:\/\/www.dallassymphony.org\/wp-content\/uploads\/2022\/10\/dso-young-musicians-142-388x218.jpg 388w, https:\/\/www.dallassymphony.org\/wp-content\/uploads\/2022\/10\/dso-young-musicians-142-540x303.jpg 540w, https:\/\/www.dallassymphony.org\/wp-content\/uploads\/2022\/10\/dso-young-musicians-142-666x375.jpg 666w, https:\/\/www.dallassymphony.org\/wp-content\/uploads\/2022\/10\/dso-young-musicians-142-735x413.jpg 735w, https:\/\/www.dallassymphony.org\/wp-content\/uploads\/2022\/10\/dso-young-musicians-142-1600x900.jpg 1600w\" sizes=\"auto, (max-width: 768px) 100vw, 768px\" \/>    <\/div>\n\n    <div class=\"card__content-wrapper\">\n        \n        \n            <\/div>\n<\/div>\n<div class=\"multimedia__card\">\n    <div class=\"card__toggle-wrapper\">\n        <img loading=\"lazy\" decoding=\"async\" width=\"768\" height=\"432\" src=\"https:\/\/www.dallassymphony.org\/wp-content\/uploads\/2022\/10\/c-suite-13-768x432.jpg\" class=\"attachment-768x432 size-768x432\" alt=\"\" srcset=\"https:\/\/www.dallassymphony.org\/wp-content\/uploads\/2022\/10\/c-suite-13-768x432.jpg 768w, https:\/\/www.dallassymphony.org\/wp-content\/uploads\/2022\/10\/c-suite-13-388x218.jpg 388w, https:\/\/www.dallassymphony.org\/wp-content\/uploads\/2022\/10\/c-suite-13-540x303.jpg 540w, https:\/\/www.dallassymphony.org\/wp-content\/uploads\/2022\/10\/c-suite-13-666x375.jpg 666w, https:\/\/www.dallassymphony.org\/wp-content\/uploads\/2022\/10\/c-suite-13-735x413.jpg 735w, https:\/\/www.dallassymphony.org\/wp-content\/uploads\/2022\/10\/c-suite-13-1600x900.jpg 1600w\" sizes=\"auto, (max-width: 768px) 100vw, 768px\" \/>    <\/div>\n\n    <div class=\"card__content-wrapper\">\n        \n        \n            <\/div>\n<\/div>\n                <\/div>\n            <\/div>\n        <\/div>\n        <div class=\"row d-lg-none\">\n            <div class=\"col-6 offset-6\">\n                <div class=\"slideshow__controls\">\n                    <button class=\"controls__prev\" data-prev=\"#imageGallery-f64a5a650cc45fb3e9bf0a6f8f27611e\">\n                        <svg xmlns=\"http:\/\/www.w3.org\/2000\/svg\" enable-background=\"new 0 0 24 24\" height=\"24\" viewbox=\"0 0 24 24\" width=\"24\">\n                            <g><rect fill=\"none\" height=\"24\" width=\"24\"\/><path d=\"M12,4c4.41,0,8,3.59,8,8s-3.59,8-8,8s-8-3.59-8-8S7.59,4,12,4 M12,2C6.48,2,2,6.48,2,12c0,5.52,4.48,10,10,10 c5.52,0,10-4.48,10-10C22,6.48,17.52,2,12,2L12,2z M13,12l0-4h-2l0,4H8l4,4l4-4H13z\"\/><\/g>\n                        <\/svg>\n                    <\/button>\n                    <button class=\"controls__next\" data-next=\"#imageGallery-f64a5a650cc45fb3e9bf0a6f8f27611e\">\n                        <svg xmlns=\"http:\/\/www.w3.org\/2000\/svg\" enable-background=\"new 0 0 24 24\" height=\"24\" viewbox=\"0 0 24 24\" width=\"24\">\n                            <g><rect fill=\"none\" height=\"24\" width=\"24\"\/><path d=\"M12,4c4.41,0,8,3.59,8,8s-3.59,8-8,8s-8-3.59-8-8S7.59,4,12,4 M12,2C6.48,2,2,6.48,2,12c0,5.52,4.48,10,10,10 c5.52,0,10-4.48,10-10C22,6.48,17.52,2,12,2L12,2z M13,12l0-4h-2l0,4H8l4,4l4-4H13z\"\/><\/g>\n                        <\/svg>\n                    <\/button>\n                <\/div>\n            <\/div>\n        <\/div>\n    <\/div>\n<\/div>\n\n\n<div class=\"richtext m-spacer\">\n\t<div class=\"container\">\n\t\t<div class=\"row\">\n\t\t\t<div class=\"col-10\">\n\t\t\t\t\n\t\t\t<\/div>\n\t\t<\/div>\n\t<\/div>\n\n<\/div>","protected":false},"excerpt":{"rendered":"<p>En estas fiestas, la Sinf\u00f3nica de Dallas invita a la comunidad empresarial del norte de Texas a unirse para patrocinar a 200 estudiantes con acceso a instrumentos y clases de m\u00fasica gratuitas que les cambiar\u00e1n la vida.<\/p>","protected":false},"author":16,"featured_media":10048,"parent":659,"menu_order":0,"comment_status":"closed","ping_status":"closed","template":"","meta":{"_acf_changed":false,"footnotes":""},"class_list":["post-10046","page","type-page","status-publish","has-post-thumbnail","hentry"],"acf":[],"_links":{"self":[{"href":"https:\/\/www.dallassymphony.org\/es\/wp-json\/wp\/v2\/pages\/10046","targetHints":{"allow":["GET"]}}],"collection":[{"href":"https:\/\/www.dallassymphony.org\/es\/wp-json\/wp\/v2\/pages"}],"about":[{"href":"https:\/\/www.dallassymphony.org\/es\/wp-json\/wp\/v2\/types\/page"}],"author":[{"embeddable":true,"href":"https:\/\/www.dallassymphony.org\/es\/wp-json\/wp\/v2\/users\/16"}],"replies":[{"embeddable":true,"href":"https:\/\/www.dallassymphony.org\/es\/wp-json\/wp\/v2\/comments?post=10046"}],"version-history":[{"count":0,"href":"https:\/\/www.dallassymphony.org\/es\/wp-json\/wp\/v2\/pages\/10046\/revisions"}],"up":[{"embeddable":true,"href":"https:\/\/www.dallassymphony.org\/es\/wp-json\/wp\/v2\/pages\/659"}],"wp:featuredmedia":[{"embeddable":true,"href":"https:\/\/www.dallassymphony.org\/es\/wp-json\/wp\/v2\/media\/10048"}],"wp:attachment":[{"href":"https:\/\/www.dallassymphony.org\/es\/wp-json\/wp\/v2\/media?parent=10046"}],"curies":[{"name":"wp","href":"https:\/\/api.w.org\/{rel}","templated":true}]}}